{"id":13,"date":"2024-03-13T16:24:03","date_gmt":"2024-03-13T15:24:03","guid":{"rendered":"https:\/\/kathrina-hildebrandt.de\/site\/?page_id=13"},"modified":"2024-10-20T16:58:06","modified_gmt":"2024-10-20T14:58:06","slug":"impressum","status":"publish","type":"page","link":"https:\/\/kathrina-hildebrandt.de\/en\/impressum\/","title":{"rendered":"Imprint"},"content":{"rendered":"<p>[et_pb_section fb_built=&#8220;1&#8243; _builder_version=&#8220;4.25.1&#8243; _module_preset=&#8220;default&#8220; background_color=&#8220;gcid-ff7ffc5e-41ed-450c-854b-1c0cc8b0fbaf&#8220; use_background_color_gradient=&#8220;on&#8220; background_color_gradient_direction=&#8220;135deg&#8220; background_color_gradient_stops=&#8220;gcid-ff7ffc5e-41ed-450c-854b-1c0cc8b0fbaf 0%|gcid-13e67e51-1fc9-4a2d-8698-d9305aa5dc01 100%&#8220; custom_padding=&#8220;25px||||false|false&#8220; global_colors_info=&#8220;{%22gcid-ff7ffc5e-41ed-450c-854b-1c0cc8b0fbaf%22:%91%22background_color%22,%22background_color_gradient_stops%22%93,%22gcid-13e67e51-1fc9-4a2d-8698-d9305aa5dc01%22:%91%22background_color_gradient_stops%22%93}&#8220;][et_pb_row _builder_version=&#8220;4.24.2&#8243; _module_preset=&#8220;default&#8220; global_colors_info=&#8220;{}&#8220;][et_pb_column type=&#8220;4_4&#8243; _builder_version=&#8220;4.24.2&#8243; _module_preset=&#8220;default&#8220; global_colors_info=&#8220;{}&#8220;][et_pb_button button_url=&#8220;@ET-DC@eyJkeW5hbWljIjp0cnVlLCJjb250ZW50IjoiaG9tZV91cmwiLCJzZXR0aW5ncyI6e319@&#8220; button_text=&#8220;Zur\u00fcck&#8220; button_alignment=&#8220;left&#8220; _builder_version=&#8220;4.25.1&#8243; _dynamic_attributes=&#8220;button_url&#8220; _module_preset=&#8220;default&#8220; custom_button=&#8220;on&#8220; button_text_size=&#8220;1em&#8220; button_text_color=&#8220;#FFFFFF&#8220; button_bg_color=&#8220;gcid-ff7ffc5e-41ed-450c-854b-1c0cc8b0fbaf&#8220; button_border_width=&#8220;1px&#8220; button_border_color=&#8220;#FFFFFF&#8220; button_border_radius=&#8220;3px&#8220; button_letter_spacing=&#8220;1px&#8220; button_font=&#8220;|||on|||||&#8220; button_icon=&#8220;&#x23;||divi||400&#8243; button_icon_placement=&#8220;left&#8220; button_on_hover=&#8220;off&#8220; custom_padding=&#8220;||4px||false|false&#8220; custom_padding_tablet=&#8220;||2px||false|false&#8220; custom_padding_phone=&#8220;||2px||false|false&#8220; custom_padding_last_edited=&#8220;on|phone&#8220; button_text_size_tablet=&#8220;0.9em&#8220; button_text_size_phone=&#8220;0.9em&#8220; button_text_size_last_edited=&#8220;on|phone&#8220; global_colors_info=&#8220;{%22gcid-ff7ffc5e-41ed-450c-854b-1c0cc8b0fbaf%22:%91%22button_bg_color%22,%22button_text_color__hover%22,%22button_border_color__hover%22%93}&#8220; button_text_color__hover=&#8220;#336666&#8243; button_text_color__hover_enabled=&#8220;on|hover&#8220; button_bg_color__hover=&#8220;#FFFFFF&#8220; button_bg_color__hover_enabled=&#8220;on|hover&#8220; button_border_width__hover=&#8220;1px&#8220; button_border_width__hover_enabled=&#8220;on|desktop&#8220; button_border_color__hover=&#8220;#336666&#8243; button_border_color__hover_enabled=&#8220;on|desktop&#8220;][\/et_pb_button][et_pb_text _builder_version=&#8220;4.27.0&#8243; _module_preset=&#8220;default&#8220; text_text_color=&#8220;#FFFFFF&#8220; text_line_height=&#8220;1.5em&#8220; link_font=&#8220;|600|||||||&#8220; link_text_color=&#8220;#FFFFFF&#8220; link_font_size=&#8220;1em&#8220; link_letter_spacing=&#8220;1px&#8220; ul_font_size=&#8220;1em&#8220; ul_line_height=&#8220;1.5em&#8220; header_text_color=&#8220;#FFFFFF&#8220; header_font_size=&#8220;1.75em&#8220; header_line_height=&#8220;2em&#8220; header_2_font=&#8220;||||||||&#8220; header_2_text_color=&#8220;#FFFFFF&#8220; header_2_font_size=&#8220;1.25em&#8220; header_2_line_height=&#8220;1.5em&#8220; header_3_text_color=&#8220;#FFFFFF&#8220; header_3_font_size=&#8220;1.25em&#8220; header_3_line_height=&#8220;1.5em&#8220; text_orientation=&#8220;justified&#8220; hover_enabled=&#8220;0&#8243; text_font_size_tablet=&#8220;0.9em&#8220; text_font_size_phone=&#8220;0.8em&#8220; text_font_size_last_edited=&#8220;on|phone&#8220; link_font_size_tablet=&#8220;0.9em&#8220; link_font_size_phone=&#8220;0.9em&#8220; link_font_size_last_edited=&#8220;on|phone&#8220; ul_line_height_tablet=&#8220;1.5em&#8220; ul_line_height_phone=&#8220;1.5em&#8220; ul_line_height_last_edited=&#8220;on|phone&#8220; header_font_size_tablet=&#8220;1.75em&#8220; header_font_size_phone=&#8220;1.5em&#8220; text_orientation_tablet=&#8220;left&#8220; text_orientation_phone=&#8220;left&#8220; text_orientation_last_edited=&#8220;on|phone&#8220; global_colors_info=&#8220;{}&#8220; sticky_enabled=&#8220;0&#8243;]<\/p>\n<h1>IMPRESSUM<\/h1>\n<p>Kathrina Hildebrandt-Niebergall<br \/>Privat\u00e4rztin f\u00fcr ganzheitliche Schmerztherapie<\/p>\n<p>Schinkelstrasse 7<br \/>22303 Hamburg<br \/>Deutschland<\/p>\n<p>Tel.: +49 151-20188199<\/p>\n<p>E-Mail-Adresse:<br \/><a href=\"mailto:email@kathrina-hildebrandt.de\" title=\"email@kathrina-hildebrandt.de\">email@kathrina-hildebrandt.de<\/a><\/p>\n<p>Mitglied u. Berufsrecht:<br \/>\u00c4rztekammer Hamburg<\/p>\n<p>Homepage der \u00c4rztekammer:<br \/><a href=\"https:\/\/www.aerztekammer-hamburg.org\/\" target=\"_blank\" rel=\"noopener\" title=\"www.aerztekammer-hamburg.org\">www.aerztekammer-hamburg.org<\/a><\/p>\n<p>Indexseite Berufsrecht:<br \/><a href=\"https:\/\/www.aerztekammer-hamburg.org\/recht_und_goae.html\" target=\"_blank\" rel=\"noopener\" title=\"www.aerztekammer-hamburg.org\/recht_und_goae.html\">www.aerztekammer-hamburg.org\/recht_und_goae.html<\/a><\/p>\n<h2><\/h2>\n<h2>HAFTUNGSAUSSCHLUSS<\/h2>\n<p>INHALT DES ONLINEANGEBOTES<br \/>Ich \u00fcbernehme keinerlei Gew\u00e4hr f\u00fcr die Aktualit\u00e4t, Korrektheit, Vollst\u00e4ndigkeit oder Qualit\u00e4t der bereitgestellten Informationen. Haftungsanspr\u00fcche gegen mich, welche sich auf Sch\u00e4den materieller oder ideeller Art beziehen, die durch die Nutzung oder Nichtnutzung der angebotenen Informationen bzw. durch die Nutzung fehlerhafter und \/ oder unvollst\u00e4ndiger Informationen verursacht wurden, sind grunds\u00e4tzlich ausgeschlossen! Alle Angebote sind freibleibend und unverbindlich. Ich behalte mir ausdr\u00fccklich vor, Teile der Seiten oder das gesamte Angebot ohne vorherige Ank\u00fcndigung zu ver\u00e4ndern, zu erg\u00e4nzen, zu l\u00f6schen oder die Ver\u00f6ffentlichung zeitweise oder endg\u00fcltig einzustellen.<\/p>\n<p>VERWEISE UND LINKS<br \/>Ich erkl\u00e4re hiermit ausdr\u00fccklich, dass zum Zeitpunkt der Linksetzung keine illegalen Inhalte auf den verlinkten Seiten erkennbar waren. Auf die aktuelle und zuk\u00fcnftige Gestaltung, die Inhalte oder die Urheberschaft der gelinkten\/verkn\u00fcpften Seiten habe ich keinerlei Einfluss. Deshalb distanziere ich mich hiermit ausdr\u00fccklich von den Inhalten aller gelinkten\/verkn\u00fcpften Seiten, die nach der Linksetzung ver\u00e4ndert wurden. Die Distanzierung gilt generell f\u00fcr alle Seiten, die auf irgendeine Weise mit meiner Seite verlinkt bzw. verkn\u00fcpft sind und eventuell gegen geltendes Recht, Sitte, Anstand oder Moral versto\u00dfen. F\u00fcr illegale, fehlerhafte oder unvollst\u00e4ndige Inhalte und insbesondere f\u00fcr Sch\u00e4den, die aus der Nutzung oder Nichtnutzung solcherart dargebotener Informationen entstehen, haftet alleine der Anbieter der Seite, auf welche verwiesen wird\/wurde, nicht jedoch derjenige, der \u00fcber Links auf die jeweilige Ver\u00f6ffentlichung hinweist. Ebenso habe ich keinen Einfluss auf den Inhalt von Seiten, bei denen mit Links fremde Webmaster auf mein Onlineangebot verweisen.<\/p>\n<p>URHEBER- UND KENNZEICHENRECHT<br \/>Ich bin immer bestrebt, in allen Publikationen die Urheberrechte der verwendeten Grafiken, Tondokumente, Videosequenzen und Texte zu beachten, und auf von ihr selbst erstellte Grafiken, Tondokumente, Videosequenzen und Texte zur\u00fcckzugreifen. Alle innerhalb des Internetangebotes genannten und ggf. durch Dritte gesch\u00fctzten Marken- und Warenzeichen unterliegen uneingeschr\u00e4nkt den Bestimmungen des jeweils g\u00fcltigen Kennzeichnungsrechts und den Besitzrechten der jeweilig eingetragenen Eigent\u00fcmer. Ich verpflichte mich, wenn trotz gr\u00f6\u00dfter Sorgfalt Grafiken, Tondokumente, Videosequenzen oder Texte mit Rechten Dritter verwendet wurden, diese umgehend zu entfernen. Hierzu ist allerdings eine Benennung der Dateien an den Webmaster erforderlich. Das Copyright f\u00fcr ver\u00f6ffentlichte, von mir selbst erstellte Objekte bleiben allein bei mir. Eine Vervielf\u00e4ltigung oder Verwendung solcher Grafiken, Tondokumente, Videosequenzen und Texte in anderen elektronischen oder gedruckten Publikationen ist ohne meine ausdr\u00fcckliche Zustimmung nicht gestattet.<\/p>\n<p>[\/et_pb_text][\/et_pb_column][\/et_pb_row][\/et_pb_section]<\/p>\n","protected":false},"excerpt":{"rendered":"<p>IMPRESSUM Kathrina Hildebrandt-NiebergallPrivat\u00e4rztin f\u00fcr ganzheitliche Schmerztherapie Schinkelstrasse 722303 HamburgDeutschland Tel.: +49 151-20188199 E-Mail-Adresse:email@kathrina-hildebrandt.de Mitglied u. Berufsrecht:\u00c4rztekammer Hamburg Homepage der \u00c4rztekammer:www.aerztekammer-hamburg.org Indexseite Berufsrecht:www.aerztekammer-hamburg.org\/recht_und_goae.html HAFTUNGSAUSSCHLUSS INHALT DES ONLINEANGEBOTESIch \u00fcbernehme keinerlei Gew\u00e4hr f\u00fcr die Aktualit\u00e4t, Korrektheit, Vollst\u00e4ndigkeit oder Qualit\u00e4t der bereitgestellten Informationen. Haftungsanspr\u00fcche gegen mich, welche sich auf Sch\u00e4den materieller oder ideeller Art beziehen, die durch die Nutzung [&hellip;]<\/p>\n","protected":false},"author":2,"featured_media":0,"parent":0,"menu_order":0,"comment_status":"closed","ping_status":"closed","template":"","meta":{"_et_pb_use_builder":"on","_et_pb_old_content":"","_et_gb_content_width":"","footnotes":""},"class_list":["post-13","page","type-page","status-publish","hentry"],"_links":{"self":[{"href":"https:\/\/kathrina-hildebrandt.de\/en\/wp-json\/wp\/v2\/pages\/13","targetHints":{"allow":["GET"]}}],"collection":[{"href":"https:\/\/kathrina-hildebrandt.de\/en\/wp-json\/wp\/v2\/pages"}],"about":[{"href":"https:\/\/kathrina-hildebrandt.de\/en\/wp-json\/wp\/v2\/types\/page"}],"author":[{"embeddable":true,"href":"https:\/\/kathrina-hildebrandt.de\/en\/wp-json\/wp\/v2\/users\/2"}],"replies":[{"embeddable":true,"href":"https:\/\/kathrina-hildebrandt.de\/en\/wp-json\/wp\/v2\/comments?post=13"}],"version-history":[{"count":0,"href":"https:\/\/kathrina-hildebrandt.de\/en\/wp-json\/wp\/v2\/pages\/13\/revisions"}],"wp:attachment":[{"href":"https:\/\/kathrina-hildebrandt.de\/en\/wp-json\/wp\/v2\/media?parent=13"}],"curies":[{"name":"wp","href":"https:\/\/api.w.org\/{rel}","templated":true}]}}